{"id":6157,"date":"2022-10-18T17:40:48","date_gmt":"2022-10-18T20:40:48","guid":{"rendered":"https:\/\/advenio.mederetech.com.ar\/home\/"},"modified":"2023-08-08T10:36:28","modified_gmt":"2023-08-08T13:36:28","slug":"home","status":"publish","type":"page","link":"https:\/\/advenio.com.ar\/en\/","title":{"rendered":"Home"},"content":{"rendered":"<div class=\"wpb-content-wrapper\"><p>[vc_row full_width=&#8221;stretch_row_content_no_spaces&#8221; css=&#8221;.vc_custom_1679088247843{margin-top: 0px !important;margin-bottom: 0px !important;padding-top: 0px !important;padding-bottom: 0px !important;}&#8221; conditional_render=&#8221;%5B%7B%22value_role%22%3A%22administrator%22%7D%5D&#8221;][vc_column css=&#8221;.vc_custom_1597717249233{margin-top: 0px !important;margin-bottom: 0px !important;padding-top: 0px !important;padding-bottom: 0px !important;}&#8221;]<div class=\"porto-carousel owl-carousel has-ccols ccols-xl-1 ccols-lg-1 ccols-md-1 ccols-sm-1 ccols-1 slider-full mb-0 wpb_custom_c86c2fb53cae9eced42d4b8900a042f3 show-nav-hover nav-inside dots-style-1 nav-inside-center\" data-plugin-options=\"{&quot;themeConfig&quot;:true,&quot;stagePadding&quot;:0,&quot;margin&quot;:0,&quot;autoplay&quot;:&quot;yes&quot;,&quot;mouseDrag&quot;:true,&quot;touchDrag&quot;:true,&quot;autoplayTimeout&quot;:5000,&quot;autoplayHoverPause&quot;:false,&quot;items&quot;:1,&quot;xl&quot;:1,&quot;lg&quot;:1,&quot;md&quot;:1,&quot;sm&quot;:1,&quot;xs&quot;:1,&quot;nav&quot;:&quot;yes&quot;,&quot;dots&quot;:&quot;yes&quot;,&quot;animateIn&quot;:&quot;fadeInDown&quot;,&quot;animateOut&quot;:&quot;&quot;,&quot;loop&quot;:&quot;yes&quot;,&quot;center&quot;:false,&quot;video&quot;:false,&quot;lazyLoad&quot;:&quot;yes&quot;,&quot;fullscreen&quot;:false}\"><div class=\"porto-ultimate-content-box-container \"><style>.porto_ucb_21b6bf01188be9ba0119a2cb5c097588{will-change: box-shadow;box-shadow: none;}.porto_ucb_21b6bf01188be9ba0119a2cb5c097588:hover{box-shadow:none}<\/style><div class=\"porto-ultimate-content-box vc_custom_1691501650878 has-content-pos justify-content-end porto_ucb_21b6bf01188be9ba0119a2cb5c097588\" style=\"background-image:url(&#039;https:\/\/advenio.com.ar\/wp-content\/uploads\/2023\/08\/portada.jpg&#039;);background-size: cover;background-repeat: no-repeat;background-position: center center;background-color: rgba(0, 0, 0, 0);\">[vc_custom_heading text=&#8221;Innovative technological solutions&#8221; font_container=&#8221;tag:h2|font_size:40PX|text_align:left|color:%23ffffff|line_height:1.5&#8243; use_theme_fonts=&#8221;yes&#8221; font_weight=&#8221;800&#8243; skin=&#8221;light&#8221; letter_spacing=&#8221;200&#8243; el_class=&#8221;mb-0 sombraoscura&#8221; css=&#8221;.vc_custom_1687868169792{margin-bottom: 5px !important;}&#8221;][vc_custom_heading text=&#8221;with high added value and social impact&#8221; font_container=&#8221;tag:h2|font_size:40PX|text_align:left|color:%23ffffff|line_height:1&#8243; use_theme_fonts=&#8221;yes&#8221; font_weight=&#8221;900&#8243; skin=&#8221;light&#8221; letter_spacing=&#8221;200&#8243; el_class=&#8221;mb-0 sombraoscura&#8221;]<\/div><\/div><\/div>[\/vc_column][\/vc_row][vc_row content_placement=&#8221;middle&#8221; wrap_container=&#8221;yes&#8221; el_class=&#8221;sec-res&#8221;][vc_column el_class=&#8221;mb-5 mb-lg-0&#8243; conditional_render=&#8221;%5B%7B%22value_role%22%3A%22administrator%22%7D%5D&#8221;][vc_custom_heading text=&#8221;ADVENIO&#8221; font_container=&#8221;tag:p|text_align:center&#8221; use_theme_fonts=&#8221;yes&#8221; text_transform=&#8221;text-uppercase&#8221; font_weight=&#8221;600&#8243; skin=&#8221;primary&#8221; el_class=&#8221;mb-0&#8243; animation_type=&#8221;fadeInUp&#8221;][vc_custom_heading text=&#8221;Our Products&#8221; font_container=&#8221;tag:h2|text_align:center&#8221; use_theme_fonts=&#8221;yes&#8221; font_weight=&#8221;700&#8243; animation_delay=&#8221;250&#8243; animation_type=&#8221;fadeInUp&#8221; css=&#8221;.vc_custom_1687871160402{margin-bottom: 40px !important;}&#8221; el_class=&#8221;mb-3&#8243;]<div class=\"porto-portfolios porto-portfolioshvjc wpb_content_element  text-left mb-4 porto-portfolio-49a15b18bd4722017b499dda5053a7db\" data-appear-animation=\"fadeInUp\" data-appear-animation-delay=\"300\">\r\n\t<div class=\"page-portfolios clearfix portfolios-grid wpb_custom_f766824d32289da1f974c4f6f5382936\" id=\"porto_portfolios_nsbl\">\r\n\r\n\t\r\n\t\r\n\t\t\t<div class=\"portfolios-container portfolio-row portfolio-row-4 classic\">\r\n\r\n\t\r\n\t\t<article class=\"portfolio portfolio-grid portfolio-col-4 post-6268 type-portfolio status-publish has-post-thumbnail hentry\">\r\n\t\t\t\t<h3 class=\"entry-title\" style=\"display: none;\">Vox Maris &#8211; Simulador GMDSS<\/h3><span class=\"vcard\" style=\"display: none;\"><span class=\"fn\"><a href=\"https:\/\/advenio.com.ar\/en\/author\/admedrweb\/\" title=\"Posts by admedrweb\" rel=\"author\">admedrweb<\/a><\/span><\/span><span class=\"updated\" style=\"display:none\">2025-03-12T08:45:18-03:00<\/span>\t\t<div class=\"portfolio-item default\">\r\n\t\t\t\r\n\t\t\t<a class=\"text-decoration-none portfolio-link\" href=\"https:\/\/advenio.com.ar\/en\/producto\/vox-maris-simulador-gmdss-2\/\">\r\n\t\t\t\t<span class=\"thumb-info thumb-info-bottom-info thumb-info-bottom-info-dark\">\r\n\t\t\t\t\t<span class=\"thumb-info-wrapper\">\r\n\t\t\t\t\t\t\t\t\t\t\t\t\t\t\t<img loading=\"lazy\" decoding=\"async\" class=\"img-responsive\" src=\"https:\/\/advenio.com.ar\/wp-content\/uploads\/2023\/06\/Simple-Elegant-Neutral-Laptop-Mockup-Instagram-Story-640x480.jpg\" alt=\"Vox Maris - Simulador GMDSS\" width=\"640\" height=\"480\" \/>\r\n\t\t\t\t\t\t\t\t\t\r\n\t\t\t\t\t\t\r\n\t\t\t\t\t\t\r\n\t\t\t\t\t\t\t\t\t\t\t\t\t\t\t\t<span class=\"thumb-info-title\">\r\n\r\n\t\t\t\t\t\t\t\t\t\t<span class=\"thumb-info-inner\">Vox Maris &#8211; Simulador GMDSS<\/span>\r\n\r\n\t\t\t\t\t\t\t\t\t\t\t\t\t\t\t\t\t\t\t\t\t<span class=\"thumb-info-type\">Global Maritime Distress and Safety System (GMDSS) Simulator<\/span>\r\n\t\t\t\t\t\t\t\t\t\t\r\n\t\t\t\t\t\t\t\t\t<\/span>\r\n\t\t\t\t\t\t\t\t\t\t\t\t\t\t\t\t\t\t\t\t\t\t\t\t\t\t\t\t\t\t\t<\/span>\r\n\t\t\t\t<\/span>\r\n\t\t\t<\/a>\r\n\t\t\t\t\t\t\t\t<\/div>\r\n\t<\/article>\r\n\t\t<article class=\"portfolio portfolio-grid portfolio-col-4 post-6213 type-portfolio status-publish has-post-thumbnail hentry\">\r\n\t\t\t\t<h3 class=\"entry-title\" style=\"display: none;\">IRIS DSC<\/h3><span class=\"vcard\" style=\"display: none;\"><span class=\"fn\"><a href=\"https:\/\/advenio.com.ar\/en\/author\/admedrweb\/\" title=\"Posts by admedrweb\" rel=\"author\">admedrweb<\/a><\/span><\/span><span class=\"updated\" style=\"display:none\">2023-06-30T09:49:56-03:00<\/span>\t\t<div class=\"portfolio-item default\">\r\n\t\t\t\r\n\t\t\t<a class=\"text-decoration-none portfolio-link\" href=\"https:\/\/advenio.com.ar\/en\/producto\/iris-dsc\/\">\r\n\t\t\t\t<span class=\"thumb-info thumb-info-bottom-info thumb-info-bottom-info-dark\">\r\n\t\t\t\t\t<span class=\"thumb-info-wrapper\">\r\n\t\t\t\t\t\t\t\t\t\t\t\t\t\t\t<img loading=\"lazy\" decoding=\"async\" class=\"img-responsive\" src=\"https:\/\/advenio.com.ar\/wp-content\/uploads\/2023\/08\/pexels-olia-danilevich-4974912-1-640x480.jpg\" alt=\"\" width=\"640\" height=\"480\" \/>\r\n\t\t\t\t\t\t\t\t\t\r\n\t\t\t\t\t\t\r\n\t\t\t\t\t\t\r\n\t\t\t\t\t\t\t\t\t\t\t\t\t\t\t\t<span class=\"thumb-info-title\">\r\n\r\n\t\t\t\t\t\t\t\t\t\t<span class=\"thumb-info-inner\">IRIS DSC<\/span>\r\n\r\n\t\t\t\t\t\t\t\t\t\t\t\t\t\t\t\t\t\t\t\t\t<span class=\"thumb-info-type\">Digital Selective Calling (DSC) Shore Station Management Software<\/span>\r\n\t\t\t\t\t\t\t\t\t\t\r\n\t\t\t\t\t\t\t\t\t<\/span>\r\n\t\t\t\t\t\t\t\t\t\t\t\t\t\t\t\t\t\t\t\t\t\t\t\t\t\t\t\t\t\t\t<\/span>\r\n\t\t\t\t<\/span>\r\n\t\t\t<\/a>\r\n\t\t\t\t\t\t\t\t<\/div>\r\n\t<\/article>\r\n\t\t<article class=\"portfolio portfolio-grid portfolio-col-4 post-6224 type-portfolio status-publish has-post-thumbnail hentry\">\r\n\t\t\t\t<h3 class=\"entry-title\" style=\"display: none;\">VHF Trainer<\/h3><span class=\"vcard\" style=\"display: none;\"><span class=\"fn\"><a href=\"https:\/\/advenio.com.ar\/en\/author\/admedrweb\/\" title=\"Posts by admedrweb\" rel=\"author\">admedrweb<\/a><\/span><\/span><span class=\"updated\" style=\"display:none\">2023-07-03T11:11:46-03:00<\/span>\t\t<div class=\"portfolio-item default\">\r\n\t\t\t\r\n\t\t\t<a class=\"text-decoration-none portfolio-link\" href=\"https:\/\/advenio.com.ar\/en\/producto\/vhf-trainer\/\">\r\n\t\t\t\t<span class=\"thumb-info thumb-info-bottom-info thumb-info-bottom-info-dark\">\r\n\t\t\t\t\t<span class=\"thumb-info-wrapper\">\r\n\t\t\t\t\t\t\t\t\t\t\t\t\t\t\t<img loading=\"lazy\" decoding=\"async\" class=\"img-responsive\" src=\"https:\/\/advenio.com.ar\/wp-content\/uploads\/2023\/06\/vhF_ultima-640x480.jpg\" alt=\"\" width=\"640\" height=\"480\" \/>\r\n\t\t\t\t\t\t\t\t\t\r\n\t\t\t\t\t\t\r\n\t\t\t\t\t\t\r\n\t\t\t\t\t\t\t\t\t\t\t\t\t\t\t\t<span class=\"thumb-info-title\">\r\n\r\n\t\t\t\t\t\t\t\t\t\t<span class=\"thumb-info-inner\">VHF Trainer<\/span>\r\n\r\n\t\t\t\t\t\t\t\t\t\t\t\t\t\t\t\t\t\t\t\t\t<span class=\"thumb-info-type\">Get trained and test your knowledge about GMDSS, VHF communications and Digital Selective Calling.<\/span>\r\n\t\t\t\t\t\t\t\t\t\t\r\n\t\t\t\t\t\t\t\t\t<\/span>\r\n\t\t\t\t\t\t\t\t\t\t\t\t\t\t\t\t\t\t\t\t\t\t\t\t\t\t\t\t\t\t\t<\/span>\r\n\t\t\t\t<\/span>\r\n\t\t\t<\/a>\r\n\t\t\t\t\t\t\t\t<\/div>\r\n\t<\/article>\r\n\t\t<article class=\"portfolio portfolio-grid portfolio-col-4 post-6271 type-portfolio status-publish has-post-thumbnail hentry\">\r\n\t\t\t\t<h3 class=\"entry-title\" style=\"display: none;\">Apps &#038; Books<\/h3><span class=\"vcard\" style=\"display: none;\"><span class=\"fn\"><a href=\"https:\/\/advenio.com.ar\/en\/author\/admedrweb\/\" title=\"Posts by admedrweb\" rel=\"author\">admedrweb<\/a><\/span><\/span><span class=\"updated\" style=\"display:none\">2023-07-03T11:12:41-03:00<\/span>\t\t<div class=\"portfolio-item default\">\r\n\t\t\t\r\n\t\t\t<a class=\"text-decoration-none portfolio-link\" href=\"https:\/\/advenio.com.ar\/en\/producto\/apps-books\/\">\r\n\t\t\t\t<span class=\"thumb-info thumb-info-bottom-info thumb-info-bottom-info-dark\">\r\n\t\t\t\t\t<span class=\"thumb-info-wrapper\">\r\n\t\t\t\t\t\t\t\t\t\t\t\t\t\t\t<img loading=\"lazy\" decoding=\"async\" class=\"img-responsive\" src=\"https:\/\/advenio.com.ar\/wp-content\/uploads\/2023\/06\/pexels-photomix-company-887751-640x480.jpg\" alt=\"\" width=\"640\" height=\"480\" \/>\r\n\t\t\t\t\t\t\t\t\t\r\n\t\t\t\t\t\t\r\n\t\t\t\t\t\t\r\n\t\t\t\t\t\t\t\t\t\t\t\t\t\t\t\t<span class=\"thumb-info-title\">\r\n\r\n\t\t\t\t\t\t\t\t\t\t<span class=\"thumb-info-inner\">Apps &#038; Books<\/span>\r\n\r\n\t\t\t\t\t\t\t\t\t\t\t\t\t\t\t\t\t\t\t\t\t<span class=\"thumb-info-type\">RIPA:  3D Rules of the Road - My Nautical School - NavLights Quiz - Pitadas RIPA - VHF Trainer - VHF for sailors<\/span>\r\n\t\t\t\t\t\t\t\t\t\t\r\n\t\t\t\t\t\t\t\t\t<\/span>\r\n\t\t\t\t\t\t\t\t\t\t\t\t\t\t\t\t\t\t\t\t\t\t\t\t\t\t\t\t\t\t\t<\/span>\r\n\t\t\t\t<\/span>\r\n\t\t\t<\/a>\r\n\t\t\t\t\t\t\t\t<\/div>\r\n\t<\/article>\r\n\t\r\n\t\r\n\t\r\n\t\t<\/div>\r\n\r\n\t\r\n\t\r\n\t<\/div>\r\n\r\n\t\r\n\t\r\n\t<\/div>[vc_btn title=&#8221;KNOW MORE&#8221; style=&#8221;outline&#8221; align=&#8221;center&#8221; skin=&#8221;primary&#8221; link=&#8221;url:%2Fen%2Fproducts&#8221; el_class=&#8221;btn-style-1&#8243; css=&#8221;.vc_custom_1687964936497{border-right-width: 10px !important;border-left-width: 10px !important;padding-right: 10px !important;padding-left: 10px !important;}&#8221;][\/vc_column][\/vc_row][vc_row full_width=&#8221;stretch_row&#8221; wrap_container=&#8221;yes&#8221; css=&#8221;.vc_custom_1686915789410{margin-top: 0px !important;padding-top: 35px !important;padding-bottom: 15px !important;background-color: rgba(209,209,209,0.98) !important;*background-color: rgb(209,209,209) !important;}&#8221; conditional_render=&#8221;%5B%7B%22value_role%22%3A%22administrator%22%7D%5D&#8221;][vc_column width=&#8221;2\/3&#8243;][vc_custom_heading text=&#8221;<em><strong>Advenio<\/strong><\/em> High-quality technical and functional solutions&#8221; use_theme_fonts=&#8221;yes&#8221; skin=&#8221;dark&#8221; letter_spacing=&#8221;200&#8243; css=&#8221;.vc_custom_1687872170949{margin-bottom: 5px !important;}&#8221;][\/vc_column][vc_column width=&#8221;1\/3&#8243; el_class=&#8221;get-started&#8221;][vc_btn title=&#8221;OUR CLIENTS&#8221; size=&#8221;xl&#8221; skin=&#8221;primary&#8221; link=&#8221;url:%2Fen%2Fclients|title:Advenio&#8221; el_class=&#8221;m-b-none&#8221; css=&#8221;.vc_custom_1687965378453{padding-bottom: 20px !important;}&#8221;][\/vc_column][\/vc_row][vc_row content_placement=&#8221;middle&#8221; wrap_container=&#8221;yes&#8221; el_class=&#8221;sec-res&#8221;][vc_column width=&#8221;2\/3&#8243; el_class=&#8221;mb-5 mb-lg-0&#8243; offset=&#8221;vc_col-md-6&#8243;][vc_custom_heading text=&#8221;ABOUT US&#8221; font_container=&#8221;tag:p|text_align:left&#8221; use_theme_fonts=&#8221;yes&#8221; text_transform=&#8221;text-uppercase&#8221; font_weight=&#8221;600&#8243; skin=&#8221;primary&#8221; el_class=&#8221;mb-0&#8243; animation_type=&#8221;fadeInUp&#8221;][vc_custom_heading text=&#8221;Inspired by passion for challenges&#8221; font_container=&#8221;tag:h1|text_align:left&#8221; use_theme_fonts=&#8221;yes&#8221; font_weight=&#8221;900&#8243; animation_delay=&#8221;250&#8243; el_class=&#8221;mb-3 ls-negative-1&#8243; animation_type=&#8221;fadeInUp&#8221;][vc_custom_heading text=&#8221;We are IT professionals who master the technologies and methodologies of software engineering focused on generating technological, interdisciplinary and complex projects. We have developed solutions of high value and social impact in areas such as simulator-based training, security, and security and safety.&#8221; font_container=&#8221;tag:p|text_align:left&#8221; use_theme_fonts=&#8221;yes&#8221; animation_delay=&#8221;500&#8243; css=&#8221;.vc_custom_1687872353981{margin-bottom: 40px !important;}&#8221; animation_type=&#8221;fadeInUp&#8221; el_class=&#8221;pr-5&#8243;][vc_btn title=&#8221;READ MORE&#8221; style=&#8221;outline&#8221; size=&#8221;sm&#8221; skin=&#8221;primary&#8221; animation_delay=&#8221;700&#8243; animation_type=&#8221;fadeInUp&#8221; el_class=&#8221;btn-style-1&#8243; link=&#8221;url:%2Fen%2Fadvenio&#8221;][\/vc_column][vc_column width=&#8221;1\/3&#8243; offset=&#8221;vc_col-md-6&#8243;][vc_single_image image=&#8221;7115&#8243; img_size=&#8221;full&#8221; label=&#8221;&#8221;][\/vc_column][\/vc_row][vc_row full_width=&#8221;stretch_row&#8221; wrap_container=&#8221;yes&#8221; section_skin=&#8221;primary&#8221; remove_margin_top=&#8221;yes&#8221; remove_margin_bottom=&#8221;yes&#8221; el_class=&#8221;sec-top&#8221; conditional_render=&#8221;%5B%7B%22value_role%22%3A%22administrator%22%7D%5D&#8221; css=&#8221;.vc_custom_1688137282891{background-color: #298fcf !important;}&#8221;][vc_column width=&#8221;1\/4&#8243; offset=&#8221;vc_col-xs-6&#8243; conditional_render=&#8221;%5B%7B%22value_role%22%3A%22administrator%22%7D%5D&#8221; el_class=&#8221;sec-bot&#8221;]<div class=\"stats-block stats-top  m-b  wpb_custom_4a432e8dd83457aaa7923a9d1e7b5320\"><div class=\"porto-sicon-top\"><div class=\"porto-just-icon-wrapper porto-icon circle\" style=\"color:#ffffff;background:#155b8a;font-size:50px;\"><i class=\"fas fa-smile\"><\/i><\/div><\/div><div class=\"stats-desc\"><div id=\"counter_125044019569e0103715978\" data-id=\"counter_125044019569e0103715978\" class=\"stats-number\" style=\" font-size:50px;color:#ffffff;\" data-speed=\"3\" data-counter-value=\"347\" data-separator=\".\" data-decimal=\",\">0<\/div><div class=\"counter_suffix mycust\" style=\" font-size:50px;color:#ffffff\">+<\/div><div class=\"stats-text\" style=\"font-size:20px;color:#ffffff;\">Clients<\/div><\/div><\/div>[\/vc_column][vc_column width=&#8221;1\/4&#8243; offset=&#8221;vc_col-xs-6&#8243; conditional_render=&#8221;%5B%7B%22value_role%22%3A%22administrator%22%7D%5D&#8221; el_class=&#8221;sec-bot&#8221;]<div class=\"stats-block stats-top  m-b  wpb_custom_4a432e8dd83457aaa7923a9d1e7b5320\"><div class=\"porto-sicon-top\"><div class=\"porto-just-icon-wrapper porto-icon circle\" style=\"color:#ffffff;background:#155b8a;font-size:50px;\"><i class=\"fas fa-map-marker-alt\"><\/i><\/div><\/div><div class=\"stats-desc\"><div id=\"counter_186378351369e0103715e7a\" data-id=\"counter_186378351369e0103715e7a\" class=\"stats-number\" style=\" font-size:50px;color:#ffffff;\" data-speed=\"3\" data-counter-value=\"29\" data-separator=\",\" data-decimal=\".\">0<\/div><div class=\"stats-text\" style=\"font-size:20px;color:#ffffff;\">Countries<\/div><\/div><\/div>[\/vc_column][vc_column width=&#8221;1\/4&#8243; offset=&#8221;vc_col-xs-6&#8243; conditional_render=&#8221;%5B%7B%22value_role%22%3A%22administrator%22%7D%5D&#8221; el_class=&#8221;sec-bot&#8221;]<div class=\"stats-block stats-top  m-b  wpb_custom_4a432e8dd83457aaa7923a9d1e7b5320\"><div class=\"porto-sicon-top\"><div class=\"porto-just-icon-wrapper porto-icon circle\" style=\"color:#ffffff;background:#155b8a;font-size:50px;\"><i class=\"fas fa-laptop\"><\/i><\/div><\/div><div class=\"stats-desc\"><div id=\"counter_59949634969e010371628a\" data-id=\"counter_59949634969e010371628a\" class=\"stats-number\" style=\" font-size:50px;color:#ffffff;\" data-speed=\"3\" data-counter-value=\"9\" data-separator=\".\" data-decimal=\",\">0<\/div><div class=\"stats-text\" style=\"font-size:20px;color:#ffffff;\">Products<\/div><\/div><\/div>[\/vc_column][vc_column width=&#8221;1\/4&#8243; offset=&#8221;vc_col-xs-6&#8243; conditional_render=&#8221;%5B%7B%22value_role%22%3A%22administrator%22%7D%5D&#8221; el_class=&#8221;sec-bot&#8221;]<div class=\"stats-block stats-top  m-b  wpb_custom_4a432e8dd83457aaa7923a9d1e7b5320\"><div class=\"porto-sicon-top\"><div class=\"porto-just-icon-wrapper porto-icon circle\" style=\"color:#ffffff;background:#155b8a;font-size:50px;\"><i class=\"fas fa-users\"><\/i><\/div><\/div><div class=\"stats-desc\"><div id=\"counter_212663078169e010371657a\" data-id=\"counter_212663078169e010371657a\" class=\"stats-number\" style=\" font-size:50px;color:#ffffff;\" data-speed=\"3\" data-counter-value=\"14\" data-separator=\".\" data-decimal=\",\">0<\/div><div class=\"stats-text\" style=\"font-size:20px;color:#ffffff;\">Professionals<\/div><\/div><\/div>[\/vc_column][\/vc_row]<\/p>\n<\/div>","protected":false},"excerpt":{"rendered":"<p>[vc_row full_width=&#8221;stretch_row_content_no_spaces&#8221; css=&#8221;.vc_custom_1679088247843{margin-top: 0px !important;margin-bottom: 0px !important;padding-top: 0px !important;padding-bottom: 0px !important;}&#8221; conditional_render=&#8221;%5B%7B%22value_role%22%3A%22administrator%22%7D%5D&#8221;][vc_column css=&#8221;.vc_custom_1597717249233{margin-top: 0px !important;margin-bottom: 0px !important;padding-top: 0px !important;padding-bottom: 0px !important;}&#8221;][\/vc_column][\/vc_row][vc_row content_placement=&#8221;middle&#8221; wrap_container=&#8221;yes&#8221; el_class=&#8221;sec-res&#8221;][vc_column el_class=&#8221;mb-5 mb-lg-0&#8243; conditional_render=&#8221;%5B%7B%22value_role%22%3A%22administrator%22%7D%5D&#8221;][vc_custom_heading text=&#8221;ADVENIO&#8221; font_container=&#8221;tag:p|text_align:center&#8221; use_theme_fonts=&#8221;yes&#8221; text_transform=&#8221;text-uppercase&#8221; font_weight=&#8221;600&#8243; skin=&#8221;primary&#8221; el_class=&#8221;mb-0&#8243; animation_type=&#8221;fadeInUp&#8221;][vc_custom_heading text=&#8221;Our Products&#8221; font_container=&#8221;tag:h2|text_align:center&#8221; use_theme_fonts=&#8221;yes&#8221; font_weight=&#8221;700&#8243; animation_delay=&#8221;250&#8243; animation_type=&#8221;fadeInUp&#8221; css=&#8221;.vc_custom_1687871160402{margin-bottom: 40px !important;}&#8221; el_class=&#8221;mb-3&#8243;][vc_btn title=&#8221;KNOW MORE&#8221; style=&#8221;outline&#8221; align=&#8221;center&#8221; skin=&#8221;primary&#8221; link=&#8221;url:%2Fen%2Fproducts&#8221; el_class=&#8221;btn-style-1&#8243; css=&#8221;.vc_custom_1687964936497{border-right-width: 10px [&hellip;]<\/p>\n","protected":false},"author":1,"featured_media":0,"parent":0,"menu_order":0,"comment_status":"closed","ping_status":"closed","template":"","meta":{"footnotes":""},"class_list":["post-6157","page","type-page","status-publish","hentry"],"yoast_head":"<!-- This site is optimized with the Yoast SEO plugin v27.0 - https:\/\/yoast.com\/product\/yoast-seo-wordpress\/ -->\n<title>Home - Advenio Software<\/title>\n<meta name=\"description\" content=\"Soluciones tecnol\u00f3gicas innovadoras de alto valor a\u00f1adido e impacto social. Somos profesionales inform\u00e1ticos que dominamos las tecnolog\u00edas...\" \/>\n<meta name=\"robots\" content=\"index, follow, max-snippet:-1, max-image-preview:large, max-video-preview:-1\" \/>\n<link rel=\"canonical\" href=\"https:\/\/advenio.com.ar\/en\/\" \/>\n<meta property=\"og:locale\" content=\"en_US\" \/>\n<meta property=\"og:type\" content=\"article\" \/>\n<meta property=\"og:title\" content=\"Home - Advenio Software\" \/>\n<meta property=\"og:description\" content=\"Soluciones tecnol\u00f3gicas innovadoras de alto valor a\u00f1adido e impacto social. Somos profesionales inform\u00e1ticos que dominamos las tecnolog\u00edas...\" \/>\n<meta property=\"og:url\" content=\"https:\/\/advenio.com.ar\/en\/\" \/>\n<meta property=\"og:site_name\" content=\"Advenio Software\" \/>\n<meta property=\"article:modified_time\" content=\"2023-08-08T13:36:28+00:00\" \/>\n<meta name=\"twitter:card\" content=\"summary_large_image\" \/>\n<meta name=\"twitter:label1\" content=\"Est. reading time\" \/>\n\t<meta name=\"twitter:data1\" content=\"2 minutes\" \/>\n<script type=\"application\/ld+json\" class=\"yoast-schema-graph\">{\"@context\":\"https:\/\/schema.org\",\"@graph\":[{\"@type\":\"WebPage\",\"@id\":\"https:\/\/advenio.com.ar\/en\/\",\"url\":\"https:\/\/advenio.com.ar\/en\/\",\"name\":\"Home - Advenio Software\",\"isPartOf\":{\"@id\":\"https:\/\/advenio.com.ar\/#website\"},\"datePublished\":\"2022-10-18T20:40:48+00:00\",\"dateModified\":\"2023-08-08T13:36:28+00:00\",\"description\":\"Soluciones tecnol\u00f3gicas innovadoras de alto valor a\u00f1adido e impacto social. Somos profesionales inform\u00e1ticos que dominamos las tecnolog\u00edas...\",\"breadcrumb\":{\"@id\":\"https:\/\/advenio.com.ar\/en\/#breadcrumb\"},\"inLanguage\":\"en-US\",\"potentialAction\":[{\"@type\":\"ReadAction\",\"target\":[\"https:\/\/advenio.com.ar\/en\/\"]}]},{\"@type\":\"BreadcrumbList\",\"@id\":\"https:\/\/advenio.com.ar\/en\/#breadcrumb\",\"itemListElement\":[{\"@type\":\"ListItem\",\"position\":1,\"name\":\"Portada\",\"item\":\"https:\/\/advenio.com.ar\/en\/\"},{\"@type\":\"ListItem\",\"position\":2,\"name\":\"Home\"}]},{\"@type\":\"WebSite\",\"@id\":\"https:\/\/advenio.com.ar\/#website\",\"url\":\"https:\/\/advenio.com.ar\/\",\"name\":\"Advenio Software\",\"description\":\"\",\"publisher\":{\"@id\":\"https:\/\/advenio.com.ar\/#organization\"},\"potentialAction\":[{\"@type\":\"SearchAction\",\"target\":{\"@type\":\"EntryPoint\",\"urlTemplate\":\"https:\/\/advenio.com.ar\/?s={search_term_string}\"},\"query-input\":{\"@type\":\"PropertyValueSpecification\",\"valueRequired\":true,\"valueName\":\"search_term_string\"}}],\"inLanguage\":\"en-US\"},{\"@type\":\"Organization\",\"@id\":\"https:\/\/advenio.com.ar\/#organization\",\"name\":\"Advenio Software\",\"url\":\"https:\/\/advenio.com.ar\/\",\"logo\":{\"@type\":\"ImageObject\",\"inLanguage\":\"en-US\",\"@id\":\"https:\/\/advenio.com.ar\/#\/schema\/logo\/image\/\",\"url\":\"https:\/\/advenio.com.ar\/wp-content\/uploads\/2023\/09\/logo.png\",\"contentUrl\":\"https:\/\/advenio.com.ar\/wp-content\/uploads\/2023\/09\/logo.png\",\"width\":176,\"height\":84,\"caption\":\"Advenio Software\"},\"image\":{\"@id\":\"https:\/\/advenio.com.ar\/#\/schema\/logo\/image\/\"},\"sameAs\":[\"https:\/\/www.linkedin.com\/company\/advenio-software\/about\/\"]}]}<\/script>\n<!-- \/ Yoast SEO plugin. -->","yoast_head_json":{"title":"Home - Advenio Software","description":"Soluciones tecnol\u00f3gicas innovadoras de alto valor a\u00f1adido e impacto social. Somos profesionales inform\u00e1ticos que dominamos las tecnolog\u00edas...","robots":{"index":"index","follow":"follow","max-snippet":"max-snippet:-1","max-image-preview":"max-image-preview:large","max-video-preview":"max-video-preview:-1"},"canonical":"https:\/\/advenio.com.ar\/en\/","og_locale":"en_US","og_type":"article","og_title":"Home - Advenio Software","og_description":"Soluciones tecnol\u00f3gicas innovadoras de alto valor a\u00f1adido e impacto social. Somos profesionales inform\u00e1ticos que dominamos las tecnolog\u00edas...","og_url":"https:\/\/advenio.com.ar\/en\/","og_site_name":"Advenio Software","article_modified_time":"2023-08-08T13:36:28+00:00","twitter_card":"summary_large_image","twitter_misc":{"Est. reading time":"2 minutes"},"schema":{"@context":"https:\/\/schema.org","@graph":[{"@type":"WebPage","@id":"https:\/\/advenio.com.ar\/en\/","url":"https:\/\/advenio.com.ar\/en\/","name":"Home - Advenio Software","isPartOf":{"@id":"https:\/\/advenio.com.ar\/#website"},"datePublished":"2022-10-18T20:40:48+00:00","dateModified":"2023-08-08T13:36:28+00:00","description":"Soluciones tecnol\u00f3gicas innovadoras de alto valor a\u00f1adido e impacto social. Somos profesionales inform\u00e1ticos que dominamos las tecnolog\u00edas...","breadcrumb":{"@id":"https:\/\/advenio.com.ar\/en\/#breadcrumb"},"inLanguage":"en-US","potentialAction":[{"@type":"ReadAction","target":["https:\/\/advenio.com.ar\/en\/"]}]},{"@type":"BreadcrumbList","@id":"https:\/\/advenio.com.ar\/en\/#breadcrumb","itemListElement":[{"@type":"ListItem","position":1,"name":"Portada","item":"https:\/\/advenio.com.ar\/en\/"},{"@type":"ListItem","position":2,"name":"Home"}]},{"@type":"WebSite","@id":"https:\/\/advenio.com.ar\/#website","url":"https:\/\/advenio.com.ar\/","name":"Advenio Software","description":"","publisher":{"@id":"https:\/\/advenio.com.ar\/#organization"},"potentialAction":[{"@type":"SearchAction","target":{"@type":"EntryPoint","urlTemplate":"https:\/\/advenio.com.ar\/?s={search_term_string}"},"query-input":{"@type":"PropertyValueSpecification","valueRequired":true,"valueName":"search_term_string"}}],"inLanguage":"en-US"},{"@type":"Organization","@id":"https:\/\/advenio.com.ar\/#organization","name":"Advenio Software","url":"https:\/\/advenio.com.ar\/","logo":{"@type":"ImageObject","inLanguage":"en-US","@id":"https:\/\/advenio.com.ar\/#\/schema\/logo\/image\/","url":"https:\/\/advenio.com.ar\/wp-content\/uploads\/2023\/09\/logo.png","contentUrl":"https:\/\/advenio.com.ar\/wp-content\/uploads\/2023\/09\/logo.png","width":176,"height":84,"caption":"Advenio Software"},"image":{"@id":"https:\/\/advenio.com.ar\/#\/schema\/logo\/image\/"},"sameAs":["https:\/\/www.linkedin.com\/company\/advenio-software\/about\/"]}]}},"_links":{"self":[{"href":"https:\/\/advenio.com.ar\/en\/wp-json\/wp\/v2\/pages\/6157","targetHints":{"allow":["GET"]}}],"collection":[{"href":"https:\/\/advenio.com.ar\/en\/wp-json\/wp\/v2\/pages"}],"about":[{"href":"https:\/\/advenio.com.ar\/en\/wp-json\/wp\/v2\/types\/page"}],"author":[{"embeddable":true,"href":"https:\/\/advenio.com.ar\/en\/wp-json\/wp\/v2\/users\/1"}],"replies":[{"embeddable":true,"href":"https:\/\/advenio.com.ar\/en\/wp-json\/wp\/v2\/comments?post=6157"}],"version-history":[{"count":0,"href":"https:\/\/advenio.com.ar\/en\/wp-json\/wp\/v2\/pages\/6157\/revisions"}],"wp:attachment":[{"href":"https:\/\/advenio.com.ar\/en\/wp-json\/wp\/v2\/media?parent=6157"}],"curies":[{"name":"wp","href":"https:\/\/api.w.org\/{rel}","templated":true}]}}