{"id":7154,"date":"2023-09-11T10:54:00","date_gmt":"2023-09-11T13:54:00","guid":{"rendered":"https:\/\/advenio.com.ar\/?page_id=7154"},"modified":"2023-10-31T07:58:25","modified_gmt":"2023-10-31T10:58:25","slug":"contact-2","status":"publish","type":"page","link":"https:\/\/advenio.com.ar\/en\/contact-2\/","title":{"rendered":"Contact &#8211; Demo Vox Maris"},"content":{"rendered":"<div class=\"wpb-content-wrapper\"><p>[vc_row full_width=&#8221;stretch_row&#8221; wrap_container=&#8221;yes&#8221; el_class=&#8221;sec-top&#8221; css=&#8221;.vc_custom_1686927384348{margin-top: 0px !important;}&#8221; conditional_render=&#8221;%5B%7B%22value_role%22%3A%22administrator%22%7D%5D&#8221;][vc_column width=&#8221;1\/2&#8243; css=&#8221;.vc_custom_1601606171309{margin-bottom: 20px !important;}&#8221;][vc_custom_heading text=&#8221;Fill out the <strong>form<\/strong> to apply for the Vox Maris simulator.&#8221; use_theme_fonts=&#8221;yes&#8221; skin=&#8221;primary&#8221; css=&#8221;.vc_custom_1698748434189{margin-bottom: 30px !important;}&#8221;]\n<div class=\"wpcf7 no-js\" id=\"wpcf7-f7159-o1\" lang=\"es-ES\" dir=\"ltr\" data-wpcf7-id=\"7159\">\n<div class=\"screen-reader-response\"><p role=\"status\" aria-live=\"polite\" aria-atomic=\"true\"><\/p> <ul><\/ul><\/div>\n<form action=\"\/en\/wp-json\/wp\/v2\/pages\/7154#wpcf7-f7159-o1\" method=\"post\" class=\"wpcf7-form init\" aria-label=\"Formulario de contacto\" novalidate=\"novalidate\" data-status=\"init\">\n<fieldset class=\"hidden-fields-container\"><input type=\"hidden\" name=\"_wpcf7\" value=\"7159\" \/><input type=\"hidden\" name=\"_wpcf7_version\" value=\"6.1.5\" \/><input type=\"hidden\" name=\"_wpcf7_locale\" value=\"es_ES\" \/><input type=\"hidden\" name=\"_wpcf7_unit_tag\" value=\"wpcf7-f7159-o1\" \/><input type=\"hidden\" name=\"_wpcf7_container_post\" value=\"0\" \/><input type=\"hidden\" name=\"_wpcf7_posted_data_hash\" value=\"\" \/><input type=\"hidden\" name=\"_wpcf7_recaptcha_response\" value=\"\" \/>\n<\/fieldset>\n<div class=\"cfn row\">\n  <div class=\"col-lg-12\"><span class=\"wpcf7-form-control-wrap\" data-name=\"your-name\"><input size=\"40\" maxlength=\"400\" class=\"wpcf7-form-control wpcf7-text wpcf7-validates-as-required\" aria-required=\"true\" aria-invalid=\"false\" placeholder=\"Name and Surname *\" value=\"\" type=\"text\" name=\"your-name\" \/><\/span><\/div>\n  <div class=\"col-lg-12\"><span class=\"wpcf7-form-control-wrap\" data-name=\"your-email\"><input size=\"40\" maxlength=\"400\" class=\"wpcf7-form-control wpcf7-email wpcf7-validates-as-required wpcf7-text wpcf7-validates-as-email\" aria-required=\"true\" aria-invalid=\"false\" placeholder=\"Email *\" value=\"\" type=\"email\" name=\"your-email\" \/><\/span><\/div>\n  <div class=\"col-lg-12\"><span class=\"wpcf7-form-control-wrap\" data-name=\"your-phone\"><input size=\"40\" maxlength=\"400\" class=\"wpcf7-form-control wpcf7-text\" aria-invalid=\"false\" placeholder=\"Phone\" value=\"\" type=\"text\" name=\"your-phone\" \/><\/span><\/div>\n  <div class=\"col-lg-12\"><span class=\"wpcf7-form-control-wrap\" data-name=\"your-message\"><textarea cols=\"40\" rows=\"5\" maxlength=\"2000\" class=\"wpcf7-form-control wpcf7-textarea wpcf7-validates-as-required\" aria-required=\"true\" aria-invalid=\"false\" placeholder=\"Your menssage.*\" name=\"your-message\"><\/textarea><\/span><\/div>\n  <div class=\"col-lg-12\"  style=\"margin-bottom:20px;\"><span class=\"wpcf7-form-control-wrap recaptcha\" data-name=\"recaptcha\"><span data-sitekey=\"6LcTN9AmAAAAAPUCA7zT8Pudrdi4WPZm-cNBYoI2\" class=\"wpcf7-form-control wpcf7-recaptcha g-recaptcha\"><\/span>\r\n<noscript>\r\n\t<div class=\"grecaptcha-noscript\">\r\n\t\t<iframe loading=\"lazy\" src=\"https:\/\/www.recaptcha.net\/recaptcha\/api\/fallback?k=6LcTN9AmAAAAAPUCA7zT8Pudrdi4WPZm-cNBYoI2\" frameborder=\"0\" scrolling=\"no\" width=\"310\" height=\"430\">\r\n\t\t<\/iframe>\r\n\t\t<textarea name=\"g-recaptcha-response\" rows=\"3\" cols=\"40\" placeholder=\"Aqu\u00ed la respuesta de reCAPTCHA\">\r\n\t\t<\/textarea>\r\n\t<\/div>\r\n<\/noscript>\r\n<\/span><\/div>\n  <div class=\"col-lg-12\"><input class=\"wpcf7-form-control wpcf7-submit has-spinner\" type=\"submit\" value=\"Enviar\" \/><\/div>\n<\/div>\n\n<style type=\"text\/css\">\/*Estilos Form*\/.cfn input[type=\"email\"],.cfn input[type=\"text\"],.cfn  textarea, .cfn select {background-color: #fff;color: #777777;border-color: #777777 !important;width: 100%;}\/*Mensaje*\/.cfn div.wpcf7-mail-sent-ok {border: 2px solid #a7a7a7  !important;padding: 10px;} .cfn label {margin-bottom: 0px;}<\/style><div class=\"wpcf7-response-output\" aria-hidden=\"true\"><\/div>\n<\/form>\n<\/div>\n[\/vc_column][vc_column width=&#8221;1\/12&#8243;][\/vc_column][vc_column width=&#8221;5\/12&#8243; el_class=&#8221;sec-lat&#8221;][vc_custom_heading text=&#8221;We are in <strong>contact<\/strong>&#8221; use_theme_fonts=&#8221;yes&#8221; skin=&#8221;primary&#8221; css=&#8221;.vc_custom_1687879028640{margin-bottom: 30px !important;}&#8221;][vc_separator color=&#8221;custom&#8221; gradient=&#8221;yes&#8221;]<div class=\"porto-sicon-box  vc_custom_1687783843601  wpb_custom_1efe903570d178ff0a9b7bfa5febd3a4 style_1 default-icon\"><div class=\"porto-sicon-default\"><div class=\"porto-just-icon-wrapper porto-icon circle\" style=\"color:#ffffff;background:#00609C;font-size:13px;\"><i class=\"fas fa-map-marker-alt\"><\/i><\/div><\/div><div class=\"porto-sicon-header\"><h5 class=\"porto-sicon-title\" style=\"\">20 de Septiembre 1925, 2\u00b0 D - B7600CUM Mar del Plata - Argentina<\/h5><\/div> <!-- header --><\/div><!-- porto-sicon-box --><a aria-label=\"&lt;strong&gt;Whatsapp: &lt;\/strong&gt; +54 223 6 23-6647\" class=\"porto-sicon-box-link\" href=\"https:\/\/api.whatsapp.com\/send?phone=+54%20223%206%2023-6647&#038;text=Hola!%20Quiero%20hacer%20una%20consulta\" target='_blank'><div class=\"porto-sicon-box  vc_custom_1690985257771  wpb_custom_1efe903570d178ff0a9b7bfa5febd3a4 style_1 default-icon\"><div class=\"porto-sicon-default\"><div class=\"porto-just-icon-wrapper porto-icon circle\" style=\"color:#ffffff;background:#00609C;font-size:13px;\"><i class=\"fab fa-whatsapp\"><\/i><\/div><\/div><div class=\"porto-sicon-header\"><h5 class=\"porto-sicon-title\" style=\"\"><strong>Whatsapp: <\/strong> +54 223 6 23-6647<\/h5><\/div> <!-- header --><\/div><!-- porto-sicon-box --><\/a>[vc_separator color=&#8221;custom&#8221; gradient=&#8221;yes&#8221;]<div class=\"porto-sicon-box  vc_custom_1687783861117  wpb_custom_1efe903570d178ff0a9b7bfa5febd3a4 style_1 default-icon\"><div class=\"porto-sicon-default\"><div class=\"porto-just-icon-wrapper porto-icon circle\" style=\"color:#ffffff;background:#00609C;font-size:13px;\"><i class=\"fas fa-map-marker-alt\"><\/i><\/div><\/div><div class=\"porto-sicon-header\"><h5 class=\"porto-sicon-title\" style=\"\">Port Matar\u00f3 locales 14 y 15 - 08301 Matar\u00f3 - Espa\u00f1a<\/h5><\/div> <!-- header --><\/div><!-- porto-sicon-box --><a aria-label=\"&lt;strong&gt;Whatsapp: &lt;\/strong&gt; +34 615 442 550\" class=\"porto-sicon-box-link\" href=\"https:\/\/api.whatsapp.com\/send?phone=+54%20223%20495-1795&#038;text=Hola!%20Quiero%20hacer%20una%20consulta\" target='_blank'><div class=\"porto-sicon-box  vc_custom_1687783938575  wpb_custom_1efe903570d178ff0a9b7bfa5febd3a4 style_1 default-icon\"><div class=\"porto-sicon-default\"><div class=\"porto-just-icon-wrapper porto-icon circle\" style=\"color:#ffffff;background:#00609C;font-size:13px;\"><i class=\"fab fa-whatsapp\"><\/i><\/div><\/div><div class=\"porto-sicon-header\"><h5 class=\"porto-sicon-title\" style=\"\"><strong>Whatsapp: <\/strong> +34 615 442 550<\/h5><\/div> <!-- header --><\/div><!-- porto-sicon-box --><\/a>[vc_separator color=&#8221;custom&#8221; gradient=&#8221;yes&#8221;]<a aria-label=\"&lt;strong&gt;Email:&lt;\/strong&gt; info@advenio.com.ar\" class=\"porto-sicon-box-link\" href=\"mailto:info@advenio.com.ar\"><div class=\"porto-sicon-box  vc_custom_1679440759993  wpb_custom_1efe903570d178ff0a9b7bfa5febd3a4 style_1 default-icon\"><div class=\"porto-sicon-default\"><div class=\"porto-just-icon-wrapper porto-icon circle\" style=\"color:#ffffff;background:#00609C;font-size:13px;\"><i class=\"fas fa-envelope\"><\/i><\/div><\/div><div class=\"porto-sicon-header\"><h5 class=\"porto-sicon-title\" style=\"\"><strong>Email:<\/strong> info@advenio.com.ar<\/h5><\/div> <!-- header --><\/div><!-- porto-sicon-box --><\/a>[\/vc_column][\/vc_row]<\/p>\n<\/div>","protected":false},"excerpt":{"rendered":"<p>[vc_row full_width=&#8221;stretch_row&#8221; wrap_container=&#8221;yes&#8221; el_class=&#8221;sec-top&#8221; css=&#8221;.vc_custom_1686927384348{margin-top: 0px !important;}&#8221; conditional_render=&#8221;%5B%7B%22value_role%22%3A%22administrator%22%7D%5D&#8221;][vc_column width=&#8221;1\/2&#8243; css=&#8221;.vc_custom_1601606171309{margin-bottom: 20px !important;}&#8221;][vc_custom_heading text=&#8221;Fill out the form to apply for the Vox Maris simulator.&#8221; use_theme_fonts=&#8221;yes&#8221; skin=&#8221;primary&#8221; css=&#8221;.vc_custom_1698748434189{margin-bottom: 30px !important;}&#8221;][\/vc_column][vc_column width=&#8221;1\/12&#8243;][\/vc_column][vc_column width=&#8221;5\/12&#8243; el_class=&#8221;sec-lat&#8221;][vc_custom_heading text=&#8221;We are in contact&#8221; use_theme_fonts=&#8221;yes&#8221; skin=&#8221;primary&#8221; css=&#8221;.vc_custom_1687879028640{margin-bottom: 30px !important;}&#8221;][vc_separator color=&#8221;custom&#8221; gradient=&#8221;yes&#8221;][vc_separator color=&#8221;custom&#8221; gradient=&#8221;yes&#8221;][vc_separator color=&#8221;custom&#8221; gradient=&#8221;yes&#8221;][\/vc_column][\/vc_row]<\/p>\n","protected":false},"author":10,"featured_media":0,"parent":0,"menu_order":0,"comment_status":"closed","ping_status":"closed","template":"","meta":{"footnotes":""},"class_list":["post-7154","page","type-page","status-publish","hentry"],"yoast_head":"<!-- This site is optimized with the Yoast SEO plugin v27.0 - https:\/\/yoast.com\/product\/yoast-seo-wordpress\/ -->\n<title>Contact - Demo Vox Maris - Advenio Software<\/title>\n<meta name=\"robots\" content=\"index, follow, max-snippet:-1, max-image-preview:large, max-video-preview:-1\" \/>\n<link rel=\"canonical\" href=\"https:\/\/advenio.com.ar\/en\/contact-2\/\" \/>\n<meta property=\"og:locale\" content=\"en_US\" \/>\n<meta property=\"og:type\" content=\"article\" \/>\n<meta property=\"og:title\" content=\"Contact - Demo Vox Maris - Advenio Software\" \/>\n<meta property=\"og:description\" content=\"[vc_row full_width=&#8221;stretch_row&#8221; wrap_container=&#8221;yes&#8221; el_class=&#8221;sec-top&#8221; css=&#8221;.vc_custom_1686927384348{margin-top: 0px !important;}&#8221; conditional_render=&#8221;%5B%7B%22value_role%22%3A%22administrator%22%7D%5D&#8221;][vc_column width=&#8221;1\/2&#8243; css=&#8221;.vc_custom_1601606171309{margin-bottom: 20px !important;}&#8221;][vc_custom_heading text=&#8221;Fill out the form to apply for the Vox Maris simulator.&#8221; use_theme_fonts=&#8221;yes&#8221; skin=&#8221;primary&#8221; css=&#8221;.vc_custom_1698748434189{margin-bottom: 30px !important;}&#8221;][\/vc_column][vc_column width=&#8221;1\/12&#8243;][\/vc_column][vc_column width=&#8221;5\/12&#8243; el_class=&#8221;sec-lat&#8221;][vc_custom_heading text=&#8221;We are in contact&#8221; use_theme_fonts=&#8221;yes&#8221; skin=&#8221;primary&#8221; css=&#8221;.vc_custom_1687879028640{margin-bottom: 30px !important;}&#8221;][vc_separator color=&#8221;custom&#8221; gradient=&#8221;yes&#8221;][vc_separator color=&#8221;custom&#8221; gradient=&#8221;yes&#8221;][vc_separator color=&#8221;custom&#8221; gradient=&#8221;yes&#8221;][\/vc_column][\/vc_row]\" \/>\n<meta property=\"og:url\" content=\"https:\/\/advenio.com.ar\/en\/contact-2\/\" \/>\n<meta property=\"og:site_name\" content=\"Advenio Software\" \/>\n<meta property=\"article:modified_time\" content=\"2023-10-31T10:58:25+00:00\" \/>\n<meta name=\"twitter:card\" content=\"summary_large_image\" \/>\n<meta name=\"twitter:label1\" content=\"Est. reading time\" \/>\n\t<meta name=\"twitter:data1\" content=\"1 minute\" \/>\n<script type=\"application\/ld+json\" class=\"yoast-schema-graph\">{\"@context\":\"https:\/\/schema.org\",\"@graph\":[{\"@type\":\"WebPage\",\"@id\":\"https:\/\/advenio.com.ar\/en\/contact-2\/\",\"url\":\"https:\/\/advenio.com.ar\/en\/contact-2\/\",\"name\":\"Contact - Demo Vox Maris - Advenio Software\",\"isPartOf\":{\"@id\":\"https:\/\/advenio.com.ar\/#website\"},\"datePublished\":\"2023-09-11T13:54:00+00:00\",\"dateModified\":\"2023-10-31T10:58:25+00:00\",\"breadcrumb\":{\"@id\":\"https:\/\/advenio.com.ar\/en\/contact-2\/#breadcrumb\"},\"inLanguage\":\"en-US\",\"potentialAction\":[{\"@type\":\"ReadAction\",\"target\":[\"https:\/\/advenio.com.ar\/en\/contact-2\/\"]}]},{\"@type\":\"BreadcrumbList\",\"@id\":\"https:\/\/advenio.com.ar\/en\/contact-2\/#breadcrumb\",\"itemListElement\":[{\"@type\":\"ListItem\",\"position\":1,\"name\":\"Portada\",\"item\":\"https:\/\/advenio.com.ar\/en\/\"},{\"@type\":\"ListItem\",\"position\":2,\"name\":\"Contact &#8211; Demo Vox Maris\"}]},{\"@type\":\"WebSite\",\"@id\":\"https:\/\/advenio.com.ar\/#website\",\"url\":\"https:\/\/advenio.com.ar\/\",\"name\":\"Advenio Software\",\"description\":\"\",\"publisher\":{\"@id\":\"https:\/\/advenio.com.ar\/#organization\"},\"potentialAction\":[{\"@type\":\"SearchAction\",\"target\":{\"@type\":\"EntryPoint\",\"urlTemplate\":\"https:\/\/advenio.com.ar\/?s={search_term_string}\"},\"query-input\":{\"@type\":\"PropertyValueSpecification\",\"valueRequired\":true,\"valueName\":\"search_term_string\"}}],\"inLanguage\":\"en-US\"},{\"@type\":\"Organization\",\"@id\":\"https:\/\/advenio.com.ar\/#organization\",\"name\":\"Advenio Software\",\"url\":\"https:\/\/advenio.com.ar\/\",\"logo\":{\"@type\":\"ImageObject\",\"inLanguage\":\"en-US\",\"@id\":\"https:\/\/advenio.com.ar\/#\/schema\/logo\/image\/\",\"url\":\"https:\/\/advenio.com.ar\/wp-content\/uploads\/2023\/09\/logo.png\",\"contentUrl\":\"https:\/\/advenio.com.ar\/wp-content\/uploads\/2023\/09\/logo.png\",\"width\":176,\"height\":84,\"caption\":\"Advenio Software\"},\"image\":{\"@id\":\"https:\/\/advenio.com.ar\/#\/schema\/logo\/image\/\"},\"sameAs\":[\"https:\/\/www.linkedin.com\/company\/advenio-software\/about\/\"]}]}<\/script>\n<!-- \/ Yoast SEO plugin. -->","yoast_head_json":{"title":"Contact - Demo Vox Maris - Advenio Software","robots":{"index":"index","follow":"follow","max-snippet":"max-snippet:-1","max-image-preview":"max-image-preview:large","max-video-preview":"max-video-preview:-1"},"canonical":"https:\/\/advenio.com.ar\/en\/contact-2\/","og_locale":"en_US","og_type":"article","og_title":"Contact - Demo Vox Maris - Advenio Software","og_description":"[vc_row full_width=&#8221;stretch_row&#8221; wrap_container=&#8221;yes&#8221; el_class=&#8221;sec-top&#8221; css=&#8221;.vc_custom_1686927384348{margin-top: 0px !important;}&#8221; conditional_render=&#8221;%5B%7B%22value_role%22%3A%22administrator%22%7D%5D&#8221;][vc_column width=&#8221;1\/2&#8243; css=&#8221;.vc_custom_1601606171309{margin-bottom: 20px !important;}&#8221;][vc_custom_heading text=&#8221;Fill out the form to apply for the Vox Maris simulator.&#8221; use_theme_fonts=&#8221;yes&#8221; skin=&#8221;primary&#8221; css=&#8221;.vc_custom_1698748434189{margin-bottom: 30px !important;}&#8221;][\/vc_column][vc_column width=&#8221;1\/12&#8243;][\/vc_column][vc_column width=&#8221;5\/12&#8243; el_class=&#8221;sec-lat&#8221;][vc_custom_heading text=&#8221;We are in contact&#8221; use_theme_fonts=&#8221;yes&#8221; skin=&#8221;primary&#8221; css=&#8221;.vc_custom_1687879028640{margin-bottom: 30px !important;}&#8221;][vc_separator color=&#8221;custom&#8221; gradient=&#8221;yes&#8221;][vc_separator color=&#8221;custom&#8221; gradient=&#8221;yes&#8221;][vc_separator color=&#8221;custom&#8221; gradient=&#8221;yes&#8221;][\/vc_column][\/vc_row]","og_url":"https:\/\/advenio.com.ar\/en\/contact-2\/","og_site_name":"Advenio Software","article_modified_time":"2023-10-31T10:58:25+00:00","twitter_card":"summary_large_image","twitter_misc":{"Est. reading time":"1 minute"},"schema":{"@context":"https:\/\/schema.org","@graph":[{"@type":"WebPage","@id":"https:\/\/advenio.com.ar\/en\/contact-2\/","url":"https:\/\/advenio.com.ar\/en\/contact-2\/","name":"Contact - Demo Vox Maris - Advenio Software","isPartOf":{"@id":"https:\/\/advenio.com.ar\/#website"},"datePublished":"2023-09-11T13:54:00+00:00","dateModified":"2023-10-31T10:58:25+00:00","breadcrumb":{"@id":"https:\/\/advenio.com.ar\/en\/contact-2\/#breadcrumb"},"inLanguage":"en-US","potentialAction":[{"@type":"ReadAction","target":["https:\/\/advenio.com.ar\/en\/contact-2\/"]}]},{"@type":"BreadcrumbList","@id":"https:\/\/advenio.com.ar\/en\/contact-2\/#breadcrumb","itemListElement":[{"@type":"ListItem","position":1,"name":"Portada","item":"https:\/\/advenio.com.ar\/en\/"},{"@type":"ListItem","position":2,"name":"Contact &#8211; Demo Vox Maris"}]},{"@type":"WebSite","@id":"https:\/\/advenio.com.ar\/#website","url":"https:\/\/advenio.com.ar\/","name":"Advenio Software","description":"","publisher":{"@id":"https:\/\/advenio.com.ar\/#organization"},"potentialAction":[{"@type":"SearchAction","target":{"@type":"EntryPoint","urlTemplate":"https:\/\/advenio.com.ar\/?s={search_term_string}"},"query-input":{"@type":"PropertyValueSpecification","valueRequired":true,"valueName":"search_term_string"}}],"inLanguage":"en-US"},{"@type":"Organization","@id":"https:\/\/advenio.com.ar\/#organization","name":"Advenio Software","url":"https:\/\/advenio.com.ar\/","logo":{"@type":"ImageObject","inLanguage":"en-US","@id":"https:\/\/advenio.com.ar\/#\/schema\/logo\/image\/","url":"https:\/\/advenio.com.ar\/wp-content\/uploads\/2023\/09\/logo.png","contentUrl":"https:\/\/advenio.com.ar\/wp-content\/uploads\/2023\/09\/logo.png","width":176,"height":84,"caption":"Advenio Software"},"image":{"@id":"https:\/\/advenio.com.ar\/#\/schema\/logo\/image\/"},"sameAs":["https:\/\/www.linkedin.com\/company\/advenio-software\/about\/"]}]}},"_links":{"self":[{"href":"https:\/\/advenio.com.ar\/en\/wp-json\/wp\/v2\/pages\/7154","targetHints":{"allow":["GET"]}}],"collection":[{"href":"https:\/\/advenio.com.ar\/en\/wp-json\/wp\/v2\/pages"}],"about":[{"href":"https:\/\/advenio.com.ar\/en\/wp-json\/wp\/v2\/types\/page"}],"author":[{"embeddable":true,"href":"https:\/\/advenio.com.ar\/en\/wp-json\/wp\/v2\/users\/10"}],"replies":[{"embeddable":true,"href":"https:\/\/advenio.com.ar\/en\/wp-json\/wp\/v2\/comments?post=7154"}],"version-history":[{"count":0,"href":"https:\/\/advenio.com.ar\/en\/wp-json\/wp\/v2\/pages\/7154\/revisions"}],"wp:attachment":[{"href":"https:\/\/advenio.com.ar\/en\/wp-json\/wp\/v2\/media?parent=7154"}],"curies":[{"name":"wp","href":"https:\/\/api.w.org\/{rel}","templated":true}]}}